{"id":214,"date":"2025-11-04T11:48:21","date_gmt":"2025-11-04T10:48:21","guid":{"rendered":"https:\/\/gios.gov.pl\/chemizm_gleb\/about\/"},"modified":"2026-04-15T10:08:39","modified_gmt":"2026-04-15T08:08:39","slug":"o-programie","status":"publish","type":"page","link":"https:\/\/gios.gov.pl\/chemizm_gleb\/o-programie\/","title":{"rendered":"O programie"},"content":{"rendered":"\t\t<div data-elementor-type=\"wp-page\" data-elementor-id=\"214\" class=\"elementor elementor-214\">\n\t\t\t\t<div class=\"elementor-element elementor-element-9010cd0 e-flex e-con-boxed e-con e-parent\" data-id=\"9010cd0\" data-element_type=\"container\" data-settings=\"{&quot;background_background&quot;:&quot;classic&quot;}\">\n\t\t\t\t\t<div class=\"e-con-inner\">\n\t\t<div class=\"elementor-element elementor-element-5a69cc7 e-con-full e-flex e-con e-child\" data-id=\"5a69cc7\" data-element_type=\"container\">\n\t\t\t\t<div class=\"elementor-element elementor-element-f184ec7 elementor-widget elementor-widget-heading\" data-id=\"f184ec7\" data-element_type=\"widget\" data-widget_type=\"heading.default\">\n\t\t\t\t<div class=\"elementor-widget-container\">\n\t\t\t\t\t<h1 class=\"elementor-heading-title elementor-size-default\">O programie \u201eMonitoring chemizmu gleb ornych Polski\"<\/h1>\t\t\t\t<\/div>\n\t\t\t\t<\/div>\n\t\t\t\t<\/div>\n\t\t\t\t\t<\/div>\n\t\t\t\t<\/div>\n\t\t<div class=\"elementor-element elementor-element-a529ccb e-flex e-con-boxed e-con e-parent\" data-id=\"a529ccb\" data-element_type=\"container\" data-settings=\"{&quot;background_background&quot;:&quot;classic&quot;}\">\n\t\t\t\t\t<div class=\"e-con-inner\">\n\t\t<div class=\"elementor-element elementor-element-c4f6020 e-con-full e-flex e-con e-child\" data-id=\"c4f6020\" data-element_type=\"container\">\n\t\t\t\t<div class=\"elementor-element elementor-element-627ae81 elementor-widget elementor-widget-text-editor\" data-id=\"627ae81\" data-element_type=\"widget\" data-widget_type=\"text-editor.default\">\n\t\t\t\t<div class=\"elementor-widget-container\">\n\t\t\t\t\t\t\t\t\t<p>\u201eMonitoring chemizmu gleb ornych Polski&#8221; stanowi podsystem Pa\u0144stwowego Monitoringu \u015arodowiska w zakresie jako\u015bci gleby i ziemi. Celem bada\u0144 jest ocena stanu i zmian szerokiego zakresu w\u0142a\u015bciwo\u015bci gleb u\u017cytkowanych rolniczo, w tym zanieczyszczenia gleb, pod wp\u0142ywem rolniczej i pozarolniczej dzia\u0142alno\u015bci cz\u0142owieka.<\/p><p>Monitoring chemizmu gleb w Polsce jest realizowany od 1995 roku. W 5-letnich odst\u0119pach czasowych pobierane i analizowane s\u0105 pr\u00f3bki glebowe, reprezentuj\u0105ce 216 sta\u0142ych punkt\u00f3w pomiarowych zlokalizowanych w ca\u0142ym kraju. W kolejnej, si\u00f3dmej turze Monitoringu pr\u00f3bki pobrano w 2025 r. i by\u0142a realizowana przez Instytut Uprawy Nawo\u017cenia i Gleboznawstwa \u2013 Pa\u0144stwowy Instytut Badawczy, na zlecenie G\u0142\u00f3wnego Inspektoratu Ochrony \u015arodowiska. \u015arodki na realizacj\u0119 programu Monitoringu pochodz\u0105 z Narodowego Funduszu Ochrony \u015arodowiska i Gospodarki Wodnej.<\/p><p>Wyniki bada\u0144 prowadzonych w latach 1995-2025 pozwalaj\u0105 na ocen\u0119 stanu gleb w reprezentatywnych punktach po\u0142o\u017conych w ca\u0142ej Polsce oraz kierunk\u00f3w zmian szerokiego zakresu w\u0142a\u015bciwo\u015bci gleb, na kt\u00f3re mog\u0105 wp\u0142ywa\u0107 procesy naturalne oraz czynniki antropogeniczne, takie jak produkcja rolnicza, oddzia\u0142ywanie przemys\u0142u, transportu i urbanizacji.<\/p>\t\t\t\t\t\t\t\t<\/div>\n\t\t\t\t<\/div>\n\t\t\t\t<div class=\"elementor-element elementor-element-d9fed09 elementor-widget elementor-widget-image\" data-id=\"d9fed09\" data-element_type=\"widget\" data-widget_type=\"image.default\">\n\t\t\t\t<div class=\"elementor-widget-container\">\n\t\t\t\t\t\t\t\t\t\t\t\t\t\t\t\t<a href=\"https:\/\/gios.gov.pl\/chemizm_gleb\/wp-content\/uploads\/2025\/11\/Obraz1.jpg\" data-elementor-open-lightbox=\"yes\" data-elementor-lightbox-title=\"Przyk\u0142adowy widok pola\" data-e-action-hash=\"#elementor-action%3Aaction%3Dlightbox%26settings%3DeyJpZCI6MTUwMSwidXJsIjoiaHR0cHM6XC9cL2dpb3MuZ292LnBsXC9jaGVtaXptX2dsZWJcL3dwLWNvbnRlbnRcL3VwbG9hZHNcLzIwMjVcLzExXC9PYnJhejEuanBnIn0%3D\">\n\t\t\t\t\t\t\t<img fetchpriority=\"high\" decoding=\"async\" width=\"623\" height=\"830\" src=\"https:\/\/gios.gov.pl\/chemizm_gleb\/wp-content\/uploads\/2025\/11\/Obraz1.jpg\" class=\"attachment-large size-large wp-image-1501\" alt=\"Przyk\u0142adowy widok pola\" srcset=\"https:\/\/gios.gov.pl\/chemizm_gleb\/wp-content\/uploads\/2025\/11\/Obraz1.jpg 623w, https:\/\/gios.gov.pl\/chemizm_gleb\/wp-content\/uploads\/2025\/11\/Obraz1-225x300.jpg 225w\" sizes=\"(max-width: 623px) 100vw, 623px\" \/>\t\t\t\t\t\t\t\t<\/a>\n\t\t\t\t\t\t\t\t\t\t\t\t\t\t\t<\/div>\n\t\t\t\t<\/div>\n\t\t\t\t<\/div>\n\t\t\t\t\t<\/div>\n\t\t\t\t<\/div>\n\t\t\t\t<\/div>\n\t\t","protected":false},"excerpt":{"rendered":"<p>O programie \u201eMonitoring chemizmu gleb ornych Polski&#8221; \u201eMonitoring chemizmu gleb ornych Polski&#8221; stanowi podsystem Pa\u0144stwowego Monitoringu \u015arodowiska w zakresie jako\u015bci gleby i ziemi. Celem bada\u0144 jest ocena stanu i zmian szerokiego zakresu w\u0142a\u015bciwo\u015bci gleb u\u017cytkowanych rolniczo, w tym zanieczyszczenia gleb, pod wp\u0142ywem rolniczej i pozarolniczej dzia\u0142alno\u015bci cz\u0142owieka. Monitoring chemizmu gleb w Polsce jest realizowany od [&hellip;]<\/p>\n","protected":false},"author":1,"featured_media":0,"parent":0,"menu_order":0,"comment_status":"closed","ping_status":"closed","template":"","meta":{"site-sidebar-layout":"no-sidebar","site-content-layout":"page-builder","ast-site-content-layout":"full-width-container","site-content-style":"default","site-sidebar-style":"default","ast-global-header-display":"","ast-banner-title-visibility":"","ast-main-header-display":"","ast-hfb-above-header-display":"","ast-hfb-below-header-display":"","ast-hfb-mobile-header-display":"","site-post-title":"disabled","ast-breadcrumbs-content":"","ast-featured-img":"","footer-sml-layout":"","theme-transparent-header-meta":"enabled","adv-header-id-meta":"","stick-header-meta":"","header-above-stick-meta":"","header-main-stick-meta":"","header-below-stick-meta":"","astra-migrate-meta-layouts":"default","ast-page-background-enabled":"default","ast-page-background-meta":{"desktop":{"background-color":"","background-image":"","background-repeat":"repeat","background-position":"center center","background-size":"auto","background-attachment":"scroll","background-type":"","background-media":"","overlay-type":"","overlay-color":"","overlay-opacity":"","overlay-gradient":""},"tablet":{"background-color":"","background-image":"","background-repeat":"repeat","background-position":"center center","background-size":"auto","background-attachment":"scroll","background-type":"","background-media":"","overlay-type":"","overlay-color":"","overlay-opacity":"","overlay-gradient":""},"mobile":{"background-color":"","background-image":"","background-repeat":"repeat","background-position":"center center","background-size":"auto","background-attachment":"scroll","background-type":"","background-media":"","overlay-type":"","overlay-color":"","overlay-opacity":"","overlay-gradient":""}},"ast-content-background-meta":{"desktop":{"background-color":"var(--ast-global-color-5)","background-image":"","background-repeat":"repeat","background-position":"center center","background-size":"auto","background-attachment":"scroll","background-type":"","background-media":"","overlay-type":"","overlay-color":"","overlay-opacity":"","overlay-gradient":""},"tablet":{"background-color":"var(--ast-global-color-5)","background-image":"","background-repeat":"repeat","background-position":"center center","background-size":"auto","background-attachment":"scroll","background-type":"","background-media":"","overlay-type":"","overlay-color":"","overlay-opacity":"","overlay-gradient":""},"mobile":{"background-color":"var(--ast-global-color-5)","background-image":"","background-repeat":"repeat","background-position":"center center","background-size":"auto","background-attachment":"scroll","background-type":"","background-media":"","overlay-type":"","overlay-color":"","overlay-opacity":"","overlay-gradient":""}},"footnotes":""},"class_list":["post-214","page","type-page","status-publish","hentry"],"_links":{"self":[{"href":"https:\/\/gios.gov.pl\/chemizm_gleb\/wp-json\/wp\/v2\/pages\/214","targetHints":{"allow":["GET"]}}],"collection":[{"href":"https:\/\/gios.gov.pl\/chemizm_gleb\/wp-json\/wp\/v2\/pages"}],"about":[{"href":"https:\/\/gios.gov.pl\/chemizm_gleb\/wp-json\/wp\/v2\/types\/page"}],"author":[{"embeddable":true,"href":"https:\/\/gios.gov.pl\/chemizm_gleb\/wp-json\/wp\/v2\/users\/1"}],"replies":[{"embeddable":true,"href":"https:\/\/gios.gov.pl\/chemizm_gleb\/wp-json\/wp\/v2\/comments?post=214"}],"version-history":[{"count":37,"href":"https:\/\/gios.gov.pl\/chemizm_gleb\/wp-json\/wp\/v2\/pages\/214\/revisions"}],"predecessor-version":[{"id":1874,"href":"https:\/\/gios.gov.pl\/chemizm_gleb\/wp-json\/wp\/v2\/pages\/214\/revisions\/1874"}],"wp:attachment":[{"href":"https:\/\/gios.gov.pl\/chemizm_gleb\/wp-json\/wp\/v2\/media?parent=214"}],"curies":[{"name":"wp","href":"https:\/\/api.w.org\/{rel}","templated":true}]}}