{"id":213,"date":"2025-11-04T11:48:21","date_gmt":"2025-11-04T10:48:21","guid":{"rendered":"https:\/\/gios.gov.pl\/chemizm_gleb\/home\/"},"modified":"2026-04-09T09:32:33","modified_gmt":"2026-04-09T07:32:33","slug":"home","status":"publish","type":"page","link":"https:\/\/gios.gov.pl\/chemizm_gleb\/","title":{"rendered":"Strona g\u0142\u00f3wna"},"content":{"rendered":"\t\t<div data-elementor-type=\"wp-page\" data-elementor-id=\"213\" class=\"elementor elementor-213\">\n\t\t\t\t<div class=\"elementor-element elementor-element-93a966b e-con-full e-flex e-con e-parent\" data-id=\"93a966b\" data-element_type=\"container\" data-settings=\"{&quot;background_background&quot;:&quot;classic&quot;,&quot;shape_divider_top&quot;:&quot;mountains&quot;,&quot;shape_divider_bottom&quot;:&quot;curve&quot;}\">\n\t\t\t\t<div class=\"elementor-shape elementor-shape-top\" aria-hidden=\"true\" data-negative=\"false\">\n\t\t\t<svg xmlns=\"http:\/\/www.w3.org\/2000\/svg\" viewBox=\"0 0 1000 100\" preserveAspectRatio=\"none\">\n\t<path class=\"elementor-shape-fill\" opacity=\"0.33\" d=\"M473,67.3c-203.9,88.3-263.1-34-320.3,0C66,119.1,0,59.7,0,59.7V0h1000v59.7 c0,0-62.1,26.1-94.9,29.3c-32.8,3.3-62.8-12.3-75.8-22.1C806,49.6,745.3,8.7,694.9,4.7S492.4,59,473,67.3z\"\/>\n\t<path class=\"elementor-shape-fill\" opacity=\"0.66\" d=\"M734,67.3c-45.5,0-77.2-23.2-129.1-39.1c-28.6-8.7-150.3-10.1-254,39.1 s-91.7-34.4-149.2,0C115.7,118.3,0,39.8,0,39.8V0h1000v36.5c0,0-28.2-18.5-92.1-18.5C810.2,18.1,775.7,67.3,734,67.3z\"\/>\n\t<path class=\"elementor-shape-fill\" d=\"M766.1,28.9c-200-57.5-266,65.5-395.1,19.5C242,1.8,242,5.4,184.8,20.6C128,35.8,132.3,44.9,89.9,52.5C28.6,63.7,0,0,0,0 h1000c0,0-9.9,40.9-83.6,48.1S829.6,47,766.1,28.9z\"\/>\n<\/svg>\t\t<\/div>\n\t\t\t\t<div class=\"elementor-shape elementor-shape-bottom\" aria-hidden=\"true\" data-negative=\"false\">\n\t\t\t<svg xmlns=\"http:\/\/www.w3.org\/2000\/svg\" viewBox=\"0 0 1000 100\" preserveAspectRatio=\"none\">\n    <path class=\"elementor-shape-fill\" d=\"M1000,4.3V0H0v4.3C0.9,23.1,126.7,99.2,500,100S1000,22.7,1000,4.3z\"\/>\n<\/svg>\t\t<\/div>\n\t\t<div class=\"elementor-element elementor-element-018abcf e-con-full e-flex e-con e-child\" data-id=\"018abcf\" data-element_type=\"container\" data-settings=\"{&quot;background_background&quot;:&quot;classic&quot;}\">\n\t\t\t\t<div class=\"elementor-element elementor-element-280a15b elementor-widget elementor-widget-hfe-infocard\" data-id=\"280a15b\" data-element_type=\"widget\" data-widget_type=\"hfe-infocard.default\">\n\t\t\t\t<div class=\"elementor-widget-container\">\n\t\t\t\t\t\n\t\t<div class=\"hfe-infocard\">\n\t\t\t\t\t\t\t\t\t<div class=\"hfe-infocard-title-wrap\">\n\t\t\t\t<h1 class=\"hfe-infocard-title elementor-inline-editing\" data-elementor-setting-key=\"infocard_title\" data-elementor-inline-editing-toolbar=\"basic\" >Monitoring chemizmu <br> gleb ornych Polski<\/h1>\t\t\t<\/div>\n\t\t\t\t\t\t<div class=\"hfe-infocard-text-wrap\">\n\t\t\t\t<div class=\"hfe-infocard-text elementor-inline-editing\" data-elementor-setting-key=\"infocard_description\" data-elementor-inline-editing-toolbar=\"advanced\">\n\t\t\t\t\t<p>Ocena jako\u015bci i stanu chemicznego gleb ornych w Polsce prowadzona w ramach <br>Pa\u0144stwowego Monitoringu \u015arodowiska<\/p>\t\t\t\t<\/div>\n\t\t\t\t\t\t\t<\/div>\n\t\t<\/div>\n\n\t\t\t\t\t\t<\/div>\n\t\t\t\t<\/div>\n\t\t<div class=\"elementor-element elementor-element-4b31cda e-con-full e-flex e-con e-child\" data-id=\"4b31cda\" data-element_type=\"container\">\n\t\t<div class=\"elementor-element elementor-element-ff6a699 e-con-full e-flex e-con e-child\" data-id=\"ff6a699\" data-element_type=\"container\">\n\t\t\t\t<div class=\"elementor-element elementor-element-d5b442c elementor-align-center elementor-widget elementor-widget-button\" data-id=\"d5b442c\" data-element_type=\"widget\" data-widget_type=\"button.default\">\n\t\t\t\t<div class=\"elementor-widget-container\">\n\t\t\t\t\t\t\t\t\t<div class=\"elementor-button-wrapper\">\n\t\t\t\t\t<a class=\"elementor-button elementor-button-link elementor-size-lg elementor-animation-grow\" href=\"https:\/\/gios.gov.pl\/chemizm_gleb\/o-programie\/\">\n\t\t\t\t\t\t<span class=\"elementor-button-content-wrapper\">\n\t\t\t\t\t\t\t\t\t<span class=\"elementor-button-text\">O programie<\/span>\n\t\t\t\t\t<\/span>\n\t\t\t\t\t<\/a>\n\t\t\t\t<\/div>\n\t\t\t\t\t\t\t\t<\/div>\n\t\t\t\t<\/div>\n\t\t\t\t<\/div>\n\t\t<div class=\"elementor-element elementor-element-1287f27 e-con-full e-flex e-con e-child\" data-id=\"1287f27\" data-element_type=\"container\">\n\t\t\t\t<div class=\"elementor-element elementor-element-fb6dd67 elementor-align-center elementor-widget elementor-widget-button\" data-id=\"fb6dd67\" data-element_type=\"widget\" data-widget_type=\"button.default\">\n\t\t\t\t<div class=\"elementor-widget-container\">\n\t\t\t\t\t\t\t\t\t<div class=\"elementor-button-wrapper\">\n\t\t\t\t\t<a class=\"elementor-button elementor-button-link elementor-size-lg elementor-animation-grow\" href=\"https:\/\/gios.gov.pl\/chemizm_gleb\/wyniki-i-raporty\/\">\n\t\t\t\t\t\t<span class=\"elementor-button-content-wrapper\">\n\t\t\t\t\t\t\t\t\t<span class=\"elementor-button-text\">Wyniki<\/span>\n\t\t\t\t\t<\/span>\n\t\t\t\t\t<\/a>\n\t\t\t\t<\/div>\n\t\t\t\t\t\t\t\t<\/div>\n\t\t\t\t<\/div>\n\t\t\t\t<\/div>\n\t\t\t\t<\/div>\n\t\t\t\t<\/div>\n\t\t\t\t<\/div>\n\t\t<div class=\"elementor-element elementor-element-dabb928 e-con-full e-flex e-con e-parent\" data-id=\"dabb928\" data-element_type=\"container\">\n\t\t\t\t<div class=\"elementor-element elementor-element-e1c202a elementor-widget elementor-widget-heading\" data-id=\"e1c202a\" data-element_type=\"widget\" data-widget_type=\"heading.default\">\n\t\t\t\t<div class=\"elementor-widget-container\">\n\t\t\t\t\t<h2 class=\"elementor-heading-title elementor-size-default\">Opis programu<\/h2>\t\t\t\t<\/div>\n\t\t\t\t<\/div>\n\t\t<div class=\"elementor-element elementor-element-0ac20a3 e-flex e-con-boxed e-con e-child\" data-id=\"0ac20a3\" data-element_type=\"container\">\n\t\t\t\t\t<div class=\"e-con-inner\">\n\t\t<div class=\"elementor-element elementor-element-adf2e66 e-con-full e-flex e-con e-child\" data-id=\"adf2e66\" data-element_type=\"container\" data-settings=\"{&quot;background_background&quot;:&quot;classic&quot;}\">\n\t\t<div class=\"elementor-element elementor-element-1484cea e-con-full e-flex e-con e-child\" data-id=\"1484cea\" data-element_type=\"container\">\n\t\t\t\t<div class=\"elementor-element elementor-element-f2fef18 elementor-widget elementor-widget-image\" data-id=\"f2fef18\" data-element_type=\"widget\" data-widget_type=\"image.default\">\n\t\t\t\t<div class=\"elementor-widget-container\">\n\t\t\t\t\t\t\t\t\t\t\t\t\t\t\t<img fetchpriority=\"high\" decoding=\"async\" width=\"769\" height=\"1024\" src=\"https:\/\/gios.gov.pl\/chemizm_gleb\/wp-content\/uploads\/2025\/11\/MchG_1-769x1024.jpg\" class=\"attachment-large size-large wp-image-1552\" alt=\"\u0141an pola 2\" srcset=\"https:\/\/gios.gov.pl\/chemizm_gleb\/wp-content\/uploads\/2025\/11\/MchG_1-769x1024.jpg 769w, https:\/\/gios.gov.pl\/chemizm_gleb\/wp-content\/uploads\/2025\/11\/MchG_1-225x300.jpg 225w, https:\/\/gios.gov.pl\/chemizm_gleb\/wp-content\/uploads\/2025\/11\/MchG_1-768x1023.jpg 768w, https:\/\/gios.gov.pl\/chemizm_gleb\/wp-content\/uploads\/2025\/11\/MchG_1.jpg 811w\" sizes=\"(max-width: 769px) 100vw, 769px\" \/>\t\t\t\t\t\t\t\t\t\t\t\t\t\t\t<\/div>\n\t\t\t\t<\/div>\n\t\t\t\t<\/div>\n\t\t<div class=\"elementor-element elementor-element-9e967ca e-con-full e-flex e-con e-child\" data-id=\"9e967ca\" data-element_type=\"container\">\n\t\t\t\t<div class=\"elementor-element elementor-element-e15f0d4 elementor-widget elementor-widget-text-editor\" data-id=\"e15f0d4\" data-element_type=\"widget\" data-widget_type=\"text-editor.default\">\n\t\t\t\t<div class=\"elementor-widget-container\">\n\t\t\t\t\t\t\t\t\t<p><span style=\"color: #000000;\">\u201eMonitoring chemizmu gleb ornych Polski&#8221; stanowi podsystem Pa\u0144stwowego Monitoringu \u015arodowiska w zakresie jako\u015bci gleby i ziemi. Celem bada\u0144 jest ocena stanu i zmian szerokiego zakresu w\u0142a\u015bciwo\u015bci gleb u\u017cytkowanych rolniczo, w tym zanieczyszczenia gleb, pod wp\u0142ywem rolniczej i pozarolniczej dzia\u0142alno\u015bci cz\u0142owieka.<\/span><\/p>\t\t\t\t\t\t\t\t<\/div>\n\t\t\t\t<\/div>\n\t\t\t\t<\/div>\n\t\t\t\t<\/div>\n\t\t<div class=\"elementor-element elementor-element-7e89650 e-con-full e-flex e-con e-child\" data-id=\"7e89650\" data-element_type=\"container\" data-settings=\"{&quot;background_background&quot;:&quot;classic&quot;}\">\n\t\t<div class=\"elementor-element elementor-element-2453c2a e-con-full e-flex e-con e-child\" data-id=\"2453c2a\" data-element_type=\"container\">\n\t\t\t\t<div class=\"elementor-element elementor-element-a099fb1 elementor-widget elementor-widget-counter\" data-id=\"a099fb1\" data-element_type=\"widget\" data-widget_type=\"counter.default\">\n\t\t\t\t<div class=\"elementor-widget-container\">\n\t\t\t\t\t\t\t<div class=\"elementor-counter\">\n\t\t\t<h3 class=\"elementor-counter-title\">realizowany od<\/h3>\t\t\t<div class=\"elementor-counter-number-wrapper\">\n\t\t\t\t<span class=\"elementor-counter-number-prefix\"> <\/span>\n\t\t\t\t<span class=\"elementor-counter-number\" data-duration=\"200\" data-to-value=\"1995\" data-from-value=\"0\">0<\/span>\n\t\t\t\t<span class=\"elementor-counter-number-suffix\"><\/span>\n\t\t\t<\/div>\n\t\t<\/div>\n\t\t\t\t\t\t<\/div>\n\t\t\t\t<\/div>\n\t\t\t\t<\/div>\n\t\t<div class=\"elementor-element elementor-element-5752689 e-con-full e-flex e-con e-child\" data-id=\"5752689\" data-element_type=\"container\">\n\t\t\t\t<div class=\"elementor-element elementor-element-4629497 elementor-widget elementor-widget-counter\" data-id=\"4629497\" data-element_type=\"widget\" data-widget_type=\"counter.default\">\n\t\t\t\t<div class=\"elementor-widget-container\">\n\t\t\t\t\t\t\t<div class=\"elementor-counter\">\n\t\t\t<h3 class=\"elementor-counter-title\">punkt\u00f3w pomiarowych<\/h3>\t\t\t<div class=\"elementor-counter-number-wrapper\">\n\t\t\t\t<span class=\"elementor-counter-number-prefix\"><\/span>\n\t\t\t\t<span class=\"elementor-counter-number\" data-duration=\"200\" data-to-value=\"216\" data-from-value=\"0\" data-delimiter=\",\">0<\/span>\n\t\t\t\t<span class=\"elementor-counter-number-suffix\"><\/span>\n\t\t\t<\/div>\n\t\t<\/div>\n\t\t\t\t\t\t<\/div>\n\t\t\t\t<\/div>\n\t\t\t\t<\/div>\n\t\t\t\t<\/div>\n\t\t<div class=\"elementor-element elementor-element-d01f1fa e-con-full e-flex e-con e-child\" data-id=\"d01f1fa\" data-element_type=\"container\" data-settings=\"{&quot;background_background&quot;:&quot;classic&quot;}\">\n\t\t<div class=\"elementor-element elementor-element-63cb258 e-con-full e-flex e-con e-child\" data-id=\"63cb258\" data-element_type=\"container\">\n\t\t\t\t<div class=\"elementor-element elementor-element-767e512 elementor-widget elementor-widget-text-editor\" data-id=\"767e512\" data-element_type=\"widget\" data-widget_type=\"text-editor.default\">\n\t\t\t\t<div class=\"elementor-widget-container\">\n\t\t\t\t\t\t\t\t\t<p><span style=\"color: #000000;\">Monitoring chemizmu gleb w Polsce jest realizowany od 1995 roku. W 5-letnich odst\u0119pach czasowych pobierane i analizowane s\u0105 pr\u00f3bki glebowe, reprezentuj\u0105ce 216 sta\u0142ych punkt\u00f3w pomiarowych zlokalizowanych w ca\u0142ym kraju. W kolejnej, si\u00f3dmej turze Monitoringu pr\u00f3bki pobrano w 2025 r. i by\u0142a realizowana przez Instytut Uprawy Nawo\u017cenia i Gleboznawstwa \u2013 Pa\u0144stwowy Instytut Badawczy, na zlecenie G\u0142\u00f3wnego Inspektoratu Ochrony \u015arodowiska. \u015arodki na realizacj\u0119 programu Monitoringu pochodz\u0105 z Narodowego Funduszu Ochrony \u015arodowiska i Gospodarki Wodnej.<\/span><\/p>\t\t\t\t\t\t\t\t<\/div>\n\t\t\t\t<\/div>\n\t\t\t\t<\/div>\n\t\t<div class=\"elementor-element elementor-element-256d534 e-con-full e-flex e-con e-child\" data-id=\"256d534\" data-element_type=\"container\">\n\t\t\t\t<div class=\"elementor-element elementor-element-2dc9070 elementor-widget elementor-widget-image\" data-id=\"2dc9070\" data-element_type=\"widget\" data-widget_type=\"image.default\">\n\t\t\t\t<div class=\"elementor-widget-container\">\n\t\t\t\t\t\t\t\t\t\t\t\t\t\t\t<img decoding=\"async\" width=\"1024\" height=\"461\" src=\"https:\/\/gios.gov.pl\/chemizm_gleb\/wp-content\/uploads\/2025\/11\/MchG_8-1024x461.jpg\" class=\"attachment-large size-large wp-image-1550\" alt=\"\u0141an pola 11\" srcset=\"https:\/\/gios.gov.pl\/chemizm_gleb\/wp-content\/uploads\/2025\/11\/MchG_8-1024x461.jpg 1024w, https:\/\/gios.gov.pl\/chemizm_gleb\/wp-content\/uploads\/2025\/11\/MchG_8-300x135.jpg 300w, https:\/\/gios.gov.pl\/chemizm_gleb\/wp-content\/uploads\/2025\/11\/MchG_8-768x346.jpg 768w, https:\/\/gios.gov.pl\/chemizm_gleb\/wp-content\/uploads\/2025\/11\/MchG_8-1536x691.jpg 1536w, https:\/\/gios.gov.pl\/chemizm_gleb\/wp-content\/uploads\/2025\/11\/MchG_8.jpg 1920w\" sizes=\"(max-width: 1024px) 100vw, 1024px\" \/>\t\t\t\t\t\t\t\t\t\t\t\t\t\t\t<\/div>\n\t\t\t\t<\/div>\n\t\t\t\t<\/div>\n\t\t\t\t<\/div>\n\t\t<div class=\"elementor-element elementor-element-523faa8 e-con-full e-flex e-con e-child\" data-id=\"523faa8\" data-element_type=\"container\" data-settings=\"{&quot;background_background&quot;:&quot;classic&quot;}\">\n\t\t<div class=\"elementor-element elementor-element-a631c90 e-con-full e-flex e-con e-child\" data-id=\"a631c90\" data-element_type=\"container\">\n\t\t\t\t<div class=\"elementor-element elementor-element-fb1da2f elementor-widget elementor-widget-image\" data-id=\"fb1da2f\" data-element_type=\"widget\" data-widget_type=\"image.default\">\n\t\t\t\t<div class=\"elementor-widget-container\">\n\t\t\t\t\t\t\t\t\t\t\t\t\t\t\t<img decoding=\"async\" width=\"1024\" height=\"768\" src=\"https:\/\/gios.gov.pl\/chemizm_gleb\/wp-content\/uploads\/2025\/11\/MchG_6-1024x768.jpg\" class=\"attachment-large size-large wp-image-1548\" alt=\"\u0141an pola 18\" srcset=\"https:\/\/gios.gov.pl\/chemizm_gleb\/wp-content\/uploads\/2025\/11\/MchG_6-1024x768.jpg 1024w, https:\/\/gios.gov.pl\/chemizm_gleb\/wp-content\/uploads\/2025\/11\/MchG_6-300x225.jpg 300w, https:\/\/gios.gov.pl\/chemizm_gleb\/wp-content\/uploads\/2025\/11\/MchG_6-768x576.jpg 768w, https:\/\/gios.gov.pl\/chemizm_gleb\/wp-content\/uploads\/2025\/11\/MchG_6.jpg 1440w\" sizes=\"(max-width: 1024px) 100vw, 1024px\" \/>\t\t\t\t\t\t\t\t\t\t\t\t\t\t\t<\/div>\n\t\t\t\t<\/div>\n\t\t\t\t<\/div>\n\t\t<div class=\"elementor-element elementor-element-6770e37 e-con-full e-flex e-con e-child\" data-id=\"6770e37\" data-element_type=\"container\">\n\t\t\t\t<div class=\"elementor-element elementor-element-3217a65 elementor-widget elementor-widget-text-editor\" data-id=\"3217a65\" data-element_type=\"widget\" data-widget_type=\"text-editor.default\">\n\t\t\t\t<div class=\"elementor-widget-container\">\n\t\t\t\t\t\t\t\t\t<p><span style=\"color: #000000;\">Wyniki bada\u0144 prowadzonych w latach 1995-2025 pozwalaj\u0105 na ocen\u0119 stanu gleb w reprezentatywnych punktach po\u0142o\u017conych w ca\u0142ej Polsce oraz kierunk\u00f3w zmian szerokiego zakresu w\u0142a\u015bciwo\u015bci gleb, na kt\u00f3re mog\u0105 wp\u0142ywa\u0107 procesy naturalne oraz czynniki antropogeniczne, takie jak produkcja rolnicza, oddzia\u0142ywanie przemys\u0142u, transportu i urbanizacji.<\/span><\/p>\t\t\t\t\t\t\t\t<\/div>\n\t\t\t\t<\/div>\n\t\t\t\t<\/div>\n\t\t\t\t<\/div>\n\t\t\t\t\t<\/div>\n\t\t\t\t<\/div>\n\t\t\t\t<\/div>\n\t\t<div class=\"elementor-element elementor-element-d970c71 e-flex e-con-boxed e-con e-parent\" data-id=\"d970c71\" data-element_type=\"container\" data-settings=\"{&quot;background_background&quot;:&quot;classic&quot;}\">\n\t\t\t\t\t<div class=\"e-con-inner\">\n\t\t<div class=\"elementor-element elementor-element-a5be9c4 e-con-full e-flex e-con e-child\" data-id=\"a5be9c4\" data-element_type=\"container\">\n\t\t\t\t<div class=\"elementor-element elementor-element-665ab9e elementor-widget elementor-widget-hfe-infocard\" data-id=\"665ab9e\" data-element_type=\"widget\" data-widget_type=\"hfe-infocard.default\">\n\t\t\t\t<div class=\"elementor-widget-container\">\n\t\t\t\t\t\n\t\t<div class=\"hfe-infocard\">\n\t\t\t\t\t\t\t\t\t<div class=\"hfe-infocard-title-wrap\">\n\t\t\t\t<h2 class=\"hfe-infocard-title elementor-inline-editing\" data-elementor-setting-key=\"infocard_title\" data-elementor-inline-editing-toolbar=\"basic\" >Wyniki bada\u0144<\/h2>\t\t\t<\/div>\n\t\t\t\t\t\t<div class=\"hfe-infocard-text-wrap\">\n\t\t\t\t<div class=\"hfe-infocard-text elementor-inline-editing\" data-elementor-setting-key=\"infocard_description\" data-elementor-inline-editing-toolbar=\"advanced\">\n\t\t\t\t\tWyniki bada\u0144 prowadzonych w latach 1995-2025 pozwalaj\u0105 na ocen\u0119 jako\u015bci gleb i stanu ich zanieczyszczenia w 30-letniej perspektywie czasowej, w zale\u017cno\u015bci od czynnik\u00f3w antropogenicznych, takich jak regionalne zr\u00f3\u017cnicowanie produkcji rolniczej, jej intensyfikacja, oddzia\u0142ywanie przemys\u0142u, transportu i urbanizacji, oraz warunk\u00f3w \u015brodowiskowych, decyduj\u0105cych o przebiegu proces\u00f3w glebowych.\t\t\t\t<\/div>\n\t\t\t\t\t\t\t<\/div>\n\t\t<\/div>\n\n\t\t\t\t\t\t<\/div>\n\t\t\t\t<\/div>\n\t\t\t\t<div class=\"elementor-element elementor-element-7698d76 elementor-align-center elementor-widget elementor-widget-button\" data-id=\"7698d76\" data-element_type=\"widget\" data-widget_type=\"button.default\">\n\t\t\t\t<div class=\"elementor-widget-container\">\n\t\t\t\t\t\t\t\t\t<div class=\"elementor-button-wrapper\">\n\t\t\t\t\t<a class=\"elementor-button elementor-button-link elementor-size-lg elementor-animation-grow\" href=\"https:\/\/gios.gov.pl\/chemizm_gleb\/mapa\/\">\n\t\t\t\t\t\t<span class=\"elementor-button-content-wrapper\">\n\t\t\t\t\t\t\t\t\t<span class=\"elementor-button-text\">Przejd\u017a do wynik\u00f3w<\/span>\n\t\t\t\t\t<\/span>\n\t\t\t\t\t<\/a>\n\t\t\t\t<\/div>\n\t\t\t\t\t\t\t\t<\/div>\n\t\t\t\t<\/div>\n\t\t\t\t<\/div>\n\t\t\t\t\t<\/div>\n\t\t\t\t<\/div>\n\t\t<div class=\"elementor-element elementor-element-7ce0046 e-flex e-con-boxed e-con e-parent\" data-id=\"7ce0046\" data-element_type=\"container\" data-settings=\"{&quot;background_background&quot;:&quot;classic&quot;}\">\n\t\t\t\t\t<div class=\"e-con-inner\">\n\t\t<div class=\"elementor-element elementor-element-6eaedaf e-con-full e-flex e-con e-child\" data-id=\"6eaedaf\" data-element_type=\"container\" data-settings=\"{&quot;background_background&quot;:&quot;classic&quot;}\">\n\t\t\t\t<div class=\"elementor-element elementor-element-9160df0 elementor-widget elementor-widget-heading\" data-id=\"9160df0\" data-element_type=\"widget\" data-widget_type=\"heading.default\">\n\t\t\t\t<div class=\"elementor-widget-container\">\n\t\t\t\t\t<h3 class=\"elementor-heading-title elementor-size-default\">Miejsce poboru pr\u00f3bek<\/h3>\t\t\t\t<\/div>\n\t\t\t\t<\/div>\n\t\t\t\t<\/div>\n\t\t<div class=\"elementor-element elementor-element-0a492be e-con-full e-flex e-con e-child\" data-id=\"0a492be\" data-element_type=\"container\" data-settings=\"{&quot;background_background&quot;:&quot;classic&quot;}\">\n\t\t\t\t<div class=\"elementor-element elementor-element-4613dbb elementor-widget elementor-widget-heading\" data-id=\"4613dbb\" data-element_type=\"widget\" data-widget_type=\"heading.default\">\n\t\t\t\t<div class=\"elementor-widget-container\">\n\t\t\t\t\t<h3 class=\"elementor-heading-title elementor-size-default\">Aparatura badawcza<\/h3>\t\t\t\t<\/div>\n\t\t\t\t<\/div>\n\t\t\t\t<\/div>\n\t\t<div class=\"elementor-element elementor-element-bd9d8f3 e-con-full e-flex e-con e-child\" data-id=\"bd9d8f3\" data-element_type=\"container\" data-settings=\"{&quot;background_background&quot;:&quot;classic&quot;}\">\n\t\t\t\t<div class=\"elementor-element elementor-element-fd60125 elementor-widget elementor-widget-heading\" data-id=\"fd60125\" data-element_type=\"widget\" data-widget_type=\"heading.default\">\n\t\t\t\t<div class=\"elementor-widget-container\">\n\t\t\t\t\t<h3 class=\"elementor-heading-title elementor-size-default\">Lokalizacja punkt\u00f3w monitoringu<\/h3>\t\t\t\t<\/div>\n\t\t\t\t<\/div>\n\t\t\t\t<\/div>\n\t\t\t\t\t<\/div>\n\t\t\t\t<\/div>\n\t\t<div class=\"elementor-element elementor-element-10beb2a e-flex e-con-boxed e-con e-parent\" data-id=\"10beb2a\" data-element_type=\"container\" data-settings=\"{&quot;background_background&quot;:&quot;classic&quot;}\">\n\t\t\t\t\t<div class=\"e-con-inner\">\n\t\t<div class=\"elementor-element elementor-element-c84d703 e-con-full e-flex e-con e-child\" data-id=\"c84d703\" data-element_type=\"container\">\n\t\t\t\t<div class=\"elementor-element elementor-element-4d938f2 elementor-widget elementor-widget-hfe-infocard\" data-id=\"4d938f2\" data-element_type=\"widget\" data-widget_type=\"hfe-infocard.default\">\n\t\t\t\t<div class=\"elementor-widget-container\">\n\t\t\t\t\t\n\t\t<div class=\"hfe-infocard\">\n\t\t\t\t\t\t\t\t\t<div class=\"hfe-infocard-title-wrap\">\n\t\t\t\t<h2 class=\"hfe-infocard-title elementor-inline-editing\" data-elementor-setting-key=\"infocard_title\" data-elementor-inline-editing-toolbar=\"basic\" >Obja\u015bnienia<\/h2>\t\t\t<\/div>\n\t\t\t\t\t\t<div class=\"hfe-infocard-text-wrap\">\n\t\t\t\t<div class=\"hfe-infocard-text elementor-inline-editing\" data-elementor-setting-key=\"infocard_description\" data-elementor-inline-editing-toolbar=\"advanced\">\n\t\t\t\t\tSprawd\u017a obja\u015bnienia dotycz\u0105ce monitoringu\t\t\t\t<\/div>\n\t\t\t\t\t\t\t<\/div>\n\t\t<\/div>\n\n\t\t\t\t\t\t<\/div>\n\t\t\t\t<\/div>\n\t\t\t\t<div class=\"elementor-element elementor-element-52fc3ba elementor-align-center elementor-widget elementor-widget-button\" data-id=\"52fc3ba\" data-element_type=\"widget\" data-widget_type=\"button.default\">\n\t\t\t\t<div class=\"elementor-widget-container\">\n\t\t\t\t\t\t\t\t\t<div class=\"elementor-button-wrapper\">\n\t\t\t\t\t<a class=\"elementor-button elementor-button-link elementor-size-lg elementor-animation-grow\" href=\"https:\/\/gios.gov.pl\/chemizm_gleb\/objasnienia\/\">\n\t\t\t\t\t\t<span class=\"elementor-button-content-wrapper\">\n\t\t\t\t\t\t\t\t\t<span class=\"elementor-button-text\">Przejd\u017a dalej<\/span>\n\t\t\t\t\t<\/span>\n\t\t\t\t\t<\/a>\n\t\t\t\t<\/div>\n\t\t\t\t\t\t\t\t<\/div>\n\t\t\t\t<\/div>\n\t\t\t\t<\/div>\n\t\t\t\t\t<\/div>\n\t\t\t\t<\/div>\n\t\t\t\t<\/div>\n\t\t","protected":false},"excerpt":{"rendered":"<p>Monitoring chemizmu gleb ornych Polski Ocena jako\u015bci i stanu chemicznego gleb ornych w Polsce prowadzona w ramach Pa\u0144stwowego Monitoringu \u015arodowiska O programie Wyniki Opis programu \u201eMonitoring chemizmu gleb ornych Polski&#8221; stanowi podsystem Pa\u0144stwowego Monitoringu \u015arodowiska w zakresie jako\u015bci gleby i ziemi. Celem bada\u0144 jest ocena stanu i zmian szerokiego zakresu w\u0142a\u015bciwo\u015bci gleb u\u017cytkowanych rolniczo, w [&hellip;]<\/p>\n","protected":false},"author":1,"featured_media":0,"parent":0,"menu_order":0,"comment_status":"closed","ping_status":"closed","template":"","meta":{"site-sidebar-layout":"no-sidebar","site-content-layout":"page-builder","ast-site-content-layout":"default","site-content-style":"default","site-sidebar-style":"default","ast-global-header-display":"","ast-banner-title-visibility":"","ast-main-header-display":"","ast-hfb-above-header-display":"","ast-hfb-below-header-display":"","ast-hfb-mobile-header-display":"","site-post-title":"disabled","ast-breadcrumbs-content":"","ast-featured-img":"","footer-sml-layout":"","theme-transparent-header-meta":"enabled","adv-header-id-meta":"","stick-header-meta":"","header-above-stick-meta":"","header-main-stick-meta":"","header-below-stick-meta":"","astra-migrate-meta-layouts":"default","ast-page-background-enabled":"default","ast-page-background-meta":{"desktop":{"background-color":"","background-image":"","background-repeat":"repeat","background-position":"center center","background-size":"auto","background-attachment":"scroll","background-type":"","background-media":"","overlay-type":"","overlay-color":"","overlay-opacity":"","overlay-gradient":""},"tablet":{"background-color":"","background-image":"","background-repeat":"repeat","background-position":"center center","background-size":"auto","background-attachment":"scroll","background-type":"","background-media":"","overlay-type":"","overlay-color":"","overlay-opacity":"","overlay-gradient":""},"mobile":{"background-color":"","background-image":"","background-repeat":"repeat","background-position":"center center","background-size":"auto","background-attachment":"scroll","background-type":"","background-media":"","overlay-type":"","overlay-color":"","overlay-opacity":"","overlay-gradient":""}},"ast-content-background-meta":{"desktop":{"background-color":"var(--ast-global-color-5)","background-image":"","background-repeat":"repeat","background-position":"center center","background-size":"auto","background-attachment":"scroll","background-type":"","background-media":"","overlay-type":"","overlay-color":"","overlay-opacity":"","overlay-gradient":""},"tablet":{"background-color":"var(--ast-global-color-5)","background-image":"","background-repeat":"repeat","background-position":"center center","background-size":"auto","background-attachment":"scroll","background-type":"","background-media":"","overlay-type":"","overlay-color":"","overlay-opacity":"","overlay-gradient":""},"mobile":{"background-color":"var(--ast-global-color-5)","background-image":"","background-repeat":"repeat","background-position":"center center","background-size":"auto","background-attachment":"scroll","background-type":"","background-media":"","overlay-type":"","overlay-color":"","overlay-opacity":"","overlay-gradient":""}},"footnotes":""},"class_list":["post-213","page","type-page","status-publish","hentry"],"_links":{"self":[{"href":"https:\/\/gios.gov.pl\/chemizm_gleb\/wp-json\/wp\/v2\/pages\/213","targetHints":{"allow":["GET"]}}],"collection":[{"href":"https:\/\/gios.gov.pl\/chemizm_gleb\/wp-json\/wp\/v2\/pages"}],"about":[{"href":"https:\/\/gios.gov.pl\/chemizm_gleb\/wp-json\/wp\/v2\/types\/page"}],"author":[{"embeddable":true,"href":"https:\/\/gios.gov.pl\/chemizm_gleb\/wp-json\/wp\/v2\/users\/1"}],"replies":[{"embeddable":true,"href":"https:\/\/gios.gov.pl\/chemizm_gleb\/wp-json\/wp\/v2\/comments?post=213"}],"version-history":[{"count":67,"href":"https:\/\/gios.gov.pl\/chemizm_gleb\/wp-json\/wp\/v2\/pages\/213\/revisions"}],"predecessor-version":[{"id":1865,"href":"https:\/\/gios.gov.pl\/chemizm_gleb\/wp-json\/wp\/v2\/pages\/213\/revisions\/1865"}],"wp:attachment":[{"href":"https:\/\/gios.gov.pl\/chemizm_gleb\/wp-json\/wp\/v2\/media?parent=213"}],"curies":[{"name":"wp","href":"https:\/\/api.w.org\/{rel}","templated":true}]}}